{"id":3328,"date":"2018-09-03T10:48:17","date_gmt":"2018-09-03T08:48:17","guid":{"rendered":"http:\/\/www.estetalschule.de\/wordpress\/?page_id=3328"},"modified":"2025-12-10T15:02:07","modified_gmt":"2025-12-10T14:02:07","slug":"busfahrplane","status":"publish","type":"page","link":"http:\/\/www.estetalschule.de\/wordpress\/busfahrplane\/","title":{"rendered":"Busfahrpl\u00e4ne"},"content":{"rendered":"<p><a href=\"http:\/\/www.estetalschule.de\/wordpress\/wp-content\/uploads\/2025\/08\/2038-250814_F.pdf\" target=\"_blank\" rel=\"noopener noreferrer\">Linie 2038<\/a> \u00a0(Buxtehude &#8211; Eilendorf &#8211; Moisburg &#8211; Eversen &#8211; Hollenstedt und zur\u00fcck)<\/p>\n<p><a href=\"http:\/\/www.estetalschule.de\/wordpress\/wp-content\/uploads\/2022\/08\/220825-4037_F.pdf\" target=\"_blank\" rel=\"noopener noreferrer\">Linie 4037<\/a> (Buchholz &#8211; Spr\u00f6tze &#8211; Trelde &#8211; Kakenstorf &#8211; Hollenstedt und zur\u00fcck)<\/p>\n<p><a href=\"http:\/\/www.estetalschule.de\/wordpress\/wp-content\/uploads\/2024\/12\/4038-241215_F.pdf\" target=\"_blank\" rel=\"noopener noreferrer\">Linie 4038<\/a> \u00a0(Neu Wulmstorf &#8211; Wennerstorf &#8211; Buchholz und zur\u00fcck)<\/p>\n<p><a href=\"http:\/\/www.estetalschule.de\/wordpress\/wp-content\/uploads\/2025\/12\/4039-251214_F.pdf\" target=\"_blank\" rel=\"noopener noreferrer\">Linie 4039<\/a> \u00a0(Regesbostel &#8211; Hollenstedt &#8211; Elstorf &#8211; Neu Wulmstorf und zur\u00fcck)<\/p>\n<p><a href=\"http:\/\/www.estetalschule.de\/wordpress\/wp-content\/uploads\/2021\/09\/4623-ab-210916.pdf\" target=\"_blank\" rel=\"noopener noreferrer\">Linie 4623<\/a> (Hollenstedt &#8211; Trelde &#8211; Buchholz und zur\u00fcck)<\/p>\n<p><a href=\"http:\/\/www.estetalschule.de\/wordpress\/wp-content\/uploads\/2019\/11\/4643.pdf\" target=\"_blank\" rel=\"noopener noreferrer\">Linie 4643<\/a> (Rahmstorf &#8211; Heidenau &#8211; Hollenstedt &#8211; Tostedt &#8211; Wistedt und zur\u00fcck)<\/p>\n<p><a href=\"http:\/\/www.estetalschule.de\/wordpress\/wp-content\/uploads\/2025\/09\/4644-251027_BF.pdf\" target=\"_blank\" rel=\"noopener noreferrer\">Linie 4644<\/a> (Hollenstedt &#8211; Dohren &#8211; Tostedt und zur\u00fcck)<\/p>\n<p><a href=\"http:\/\/www.estetalschule.de\/wordpress\/wp-content\/uploads\/2025\/08\/4681-250814_F.pdf\" target=\"_blank\" rel=\"noopener noreferrer\">Linie 4681<\/a> \u00a0(Halvesbostel- Hollenstedt &#8211; Moisburg &#8211; Neu Wulmstorf)<\/p>\n<p><a href=\"http:\/\/www.estetalschule.de\/wordpress\/wp-content\/uploads\/2025\/12\/4683-251214_F.pdf\" target=\"_blank\" rel=\"noopener noreferrer\">Linie 4683<\/a> \u00a0(Moisburg \/ Rahmstorf \/ Eversen \/ Wennerstorf &#8211; SZ Hollenstedt und zur\u00fcck)<\/p>\n<p><a href=\"http:\/\/www.estetalschule.de\/wordpress\/wp-content\/uploads\/2024\/12\/4684-240805_F.pdf\" target=\"_blank\" rel=\"noopener noreferrer\">Linie 4684<\/a> (Holtorfsbostel &#8211; Regesbostel &#8211; Moisburg und zur\u00fcck)<\/p>\n<p><a href=\"http:\/\/www.estetalschule.de\/wordpress\/wp-content\/uploads\/2025\/08\/4999-250814_F.pdf\" target=\"_blank\" rel=\"noopener noreferrer\">Linie 4999<\/a> (Inzm\u00fchlen &#8211; Buchholz &#8211; Winsen &#8211; Tostedt &#8211; Ochtmannsbruch &#8211; Hollenstedt)<\/p>\n","protected":false},"excerpt":{"rendered":"<p>Linie 2038 \u00a0(Buxtehude &#8211; Eilendorf &#8211; Moisburg &#8211; Eversen &#8211; Hollenstedt und zur\u00fcck) Linie 4037 (Buchholz &#8211; Spr\u00f6tze &#8211; Trelde &#8211; Kakenstorf &#8211; Hollenstedt und zur\u00fcck) Linie 4038 \u00a0(Neu Wulmstorf &#8211; Wennerstorf &#8211; Buchholz und zur\u00fcck) Linie 4039 \u00a0(Regesbostel &#8211; &hellip; <a href=\"http:\/\/www.estetalschule.de\/wordpress\/busfahrplane\/\">Weiterlesen <span class=\"meta-nav\">&rarr;<\/span><\/a><\/p>\n","protected":false},"author":1,"featured_media":0,"parent":0,"menu_order":0,"comment_status":"closed","ping_status":"closed","template":"","meta":{"footnotes":""},"class_list":["post-3328","page","type-page","status-publish","hentry"],"_links":{"self":[{"href":"http:\/\/www.estetalschule.de\/wordpress\/wp-json\/wp\/v2\/pages\/3328","targetHints":{"allow":["GET"]}}],"collection":[{"href":"http:\/\/www.estetalschule.de\/wordpress\/wp-json\/wp\/v2\/pages"}],"about":[{"href":"http:\/\/www.estetalschule.de\/wordpress\/wp-json\/wp\/v2\/types\/page"}],"author":[{"embeddable":true,"href":"http:\/\/www.estetalschule.de\/wordpress\/wp-json\/wp\/v2\/users\/1"}],"replies":[{"embeddable":true,"href":"http:\/\/www.estetalschule.de\/wordpress\/wp-json\/wp\/v2\/comments?post=3328"}],"version-history":[{"count":53,"href":"http:\/\/www.estetalschule.de\/wordpress\/wp-json\/wp\/v2\/pages\/3328\/revisions"}],"predecessor-version":[{"id":5726,"href":"http:\/\/www.estetalschule.de\/wordpress\/wp-json\/wp\/v2\/pages\/3328\/revisions\/5726"}],"wp:attachment":[{"href":"http:\/\/www.estetalschule.de\/wordpress\/wp-json\/wp\/v2\/media?parent=3328"}],"curies":[{"name":"wp","href":"https:\/\/api.w.org\/{rel}","templated":true}]}}