{"id":3302,"date":"2018-08-31T17:04:43","date_gmt":"2018-08-31T15:04:43","guid":{"rendered":"http:\/\/www.estetalschule.de\/wordpress\/?page_id=3302"},"modified":"2022-09-21T08:08:42","modified_gmt":"2022-09-21T06:08:42","slug":"impressum","status":"publish","type":"page","link":"http:\/\/www.estetalschule.de\/wordpress\/impressum\/","title":{"rendered":"Impressum"},"content":{"rendered":"<h1><strong>Impressum<\/strong><\/h1>\n<p><strong>Angaben gem\u00e4\u00df \u00a7 5 TMG:<\/strong><\/p>\n<p><strong>Estetalschule Hollenstedt<\/strong><br \/>Jahnstra\u00dfe 8<br \/>21279 Hollenstedt<\/p>\n<p><strong>Vertreten durch:<\/strong><\/p>\n<p>Schultr\u00e4ger: Landkreis Harburg<br \/>Schlo\u00dfplatz 6<br \/>21423 Winsen (Luhe)<br \/>Telefon: 04171 693-0<br \/>Telefax: 04171 687-100<br \/>www.landkreis-harburg.de<\/p>\n<p><strong>Kontakt:<\/strong><\/p>\n<p>Tel.: 04165-21809-0<br \/>Fax: 04165-21809-7<br \/>E-Mail: info@estetalschule.eu<\/p>\n<p><strong>Streitschlichtung<\/strong><\/p>\n<p>Die Europ\u00e4ische Kommission stellt eine Plattform zur Online-Streitbeilegung (OS) bereit:<br \/>https:\/\/ec.europa.eu\/consumers\/odr.<br \/>Unsere E-Mail-Adresse finden Sie oben im Impressum.<br \/>Wir sind nicht bereit oder verpflichtet, an Streitbeilegungsverfahren vor einer Verbraucherschlichtungsstelle teilzunehmen.<\/p>\n<p><strong>Haftung f\u00fcr Inhalte<\/strong><\/p>\n<p>Als Diensteanbieter sind wir gem\u00e4\u00df \u00a7 7 Abs.1 TMG f\u00fcr eigene Inhalte auf diesen Seiten nach den allgemeinen Gesetzen verantwortlich. Nach \u00a7\u00a7 8 bis 10 TMG sind wir als Diensteanbieter jedoch nicht verpflichtet, \u00fcbermittelte oder gespeicherte fremde Informationen zu \u00fcberwachen oder nach Umst\u00e4nden zu forschen, die auf eine rechtswidrige T\u00e4tigkeit hinweisen.<br \/>Verpflichtungen zur Entfernung oder Sperrung der Nutzung von Informationen nach den allgemeinen Gesetzen bleiben hiervon unber\u00fchrt. Eine diesbez\u00fcgliche Haftung ist jedoch erst ab dem Zeitpunkt der Kenntnis einer konkreten Rechtsverletzung m\u00f6glich. Bei Bekanntwerden von entsprechenden Rechtsverletzungen werden wir diese Inhalte umgehend entfernen.<\/p>\n<p><br \/><strong>Haftung f\u00fcr Links<\/strong><\/p>\n<p>Unser Angebot enth\u00e4lt Links zu externen Websites Dritter, auf deren Inhalte wir keinen Einfluss haben.<br \/>Deshalb k\u00f6nnen wir f\u00fcr diese fremden Inhalte auch keine Gew\u00e4hr \u00fcbernehmen. F\u00fcr die Inhalte der verlinkten Seiten ist stets der jeweilige Anbieter oder Betreiber der Seiten verantwortlich. Die verlinkten Seiten wurden zum Zeitpunkt der Verlinkung auf m\u00f6gliche Rechtsverst\u00f6\u00dfe \u00fcberpr\u00fcft. Rechtswidrige Inhalte waren zum Zeitpunkt der Verlinkung nicht erkennbar.<br \/>Eine permanente inhaltliche Kontrolle der verlinkten Seiten ist jedoch ohne konkrete Anhaltspunkte einer Rechtsverletzung nicht zumutbar. Bei Bekanntwerden von Rechtsverletzungen werden wir derartige Links umgehend entfernen.<\/p>\n<p><br \/><strong>Urheberrecht<\/strong><\/p>\n<p>Die durch die Seitenbetreiber erstellten Inhalte und Werke auf diesen Seiten unterliegen dem deutschen Urheberrecht. Die Vervielf\u00e4ltigung, Bearbeitung, Verbreitung und jede Art der Verwertung au\u00dferhalb der Grenzen des Urheberrechtes bed\u00fcrfen der schriftlichen Zustimmung des jeweiligen Autors bzw. Erstellers. Downloads und Kopien dieser Seite sind nur f\u00fcr den privaten, nicht kommerziellen Gebrauch gestattet.<br \/>Soweit die Inhalte auf dieser Seite nicht vom Betreiber erstellt wurden, werden die Urheberrechte Dritter beachtet. Insbesondere werden Inhalte Dritter als solche gekennzeichnet. Sollten Sie trotzdem auf eine Urheberrechtsverletzung aufmerksam werden, bitten wir um einen entsprechenden Hinweis. Bei Bekanntwerden von Rechtsverletzungen werden wir derartige Inhalte umgehend entfernen.<\/p>\n\n\n<p><\/p>\n\n\n\n<p><\/p>\n\n\n\n<h1 class=\"wp-block-heading\">Datenschutzerkl\u00e4rung<\/h1>\n\n\n\n<h2 class=\"wp-block-heading\"><strong>I. Name und Anschrift des Verantwortlichen<\/strong><\/h2>\n\n\n\n<p>Estetalschule Hollenstedt<br>Jahnstra\u00dfe 8<br>21279 Hollenstedt<br>Telefon: &nbsp;04165 \u2013 21 80 90<br>E-Mail: &nbsp;info@estetalschule.eu<\/p>\n\n\n\n<h3 class=\"wp-block-heading\">Vertretungsberechtigt: Hauke Brinckmann, Schulleiter<\/h3>\n\n\n\n<h2 class=\"wp-block-heading\"><strong>II. Kontaktdaten des Datenschutzbeauftragten<\/strong><\/h2>\n\n\n\n<p>Ulrich Heim<br>E-Mail: datenschutz@estetalschule.eu<\/p>\n\n\n\n<h3 class=\"wp-block-heading\"><strong>III. Bereitstellung der Website und Erstellung von Logfiles<\/strong><\/h3>\n\n\n\n<p>Bei jedem Aufruf unserer Internetseite erfasst unser System automatisiert Daten und Informationen vom Computersystem des aufrufenden Rechners. Folgende Daten werden hierbei erhoben:<\/p>\n\n\n\n<ol class=\"wp-block-list\"><li>Datum und Uhrzeit des Zugriffes<\/li><li>Die IP-Adresse des Nutzers<\/li><li>Die Betriebssystemversion des Nutzers<\/li><li>Der Browsertyp des Nutzers<\/li><li>Die vom Nutzer aufgerufene Seite<\/li><\/ol>\n\n\n\n<p>Die Daten werden in den Logfiles unseres Systems gespeichert. Eine Speicherung dieser Daten zusammen mit anderen personenbezogenen Daten des Nutzers findet nicht statt. Zweck der Datenspeicherung ist die technische Optimierung unserer Internetseite. Rechtsgrundlage f\u00fcr die vor\u00fcbergehende Speicherung der Daten ist Art. 6 Abs.1 lit.f DSGVO.<\/p>\n\n\n\n<p>Die Daten werden f\u00fcr zwei Monate gespeichert, sie werden lediglich statistisch ausgewertet.<\/p>\n\n\n\n<h2 class=\"wp-block-heading\"><strong>IV. Verwendung von Cookies<\/strong><\/h2>\n\n\n\n<p>Wir verwenden keine Cookies.<\/p>\n\n\n\n<h2 class=\"wp-block-heading\"><strong>V. Speicherung personenbezogener Daten bei Kontaktaufnahme<\/strong><\/h2>\n\n\n\n<p>Wir nehmen keine Speicherung personenbezogener Daten vor.<\/p>\n","protected":false},"excerpt":{"rendered":"<p>Impressum Angaben gem\u00e4\u00df \u00a7 5 TMG: Estetalschule HollenstedtJahnstra\u00dfe 821279 Hollenstedt Vertreten durch: Schultr\u00e4ger: Landkreis HarburgSchlo\u00dfplatz 621423 Winsen (Luhe)Telefon: 04171 693-0Telefax: 04171 687-100www.landkreis-harburg.de Kontakt: Tel.: 04165-21809-0Fax: 04165-21809-7E-Mail: info@estetalschule.eu Streitschlichtung Die Europ\u00e4ische Kommission stellt eine Plattform zur Online-Streitbeilegung (OS) bereit:https:\/\/ec.europa.eu\/consumers\/odr.Unsere E-Mail-Adresse finden &hellip; <a href=\"http:\/\/www.estetalschule.de\/wordpress\/impressum\/\">Weiterlesen <span class=\"meta-nav\">&rarr;<\/span><\/a><\/p>\n","protected":false},"author":1,"featured_media":0,"parent":0,"menu_order":0,"comment_status":"closed","ping_status":"closed","template":"","meta":{"footnotes":""},"class_list":["post-3302","page","type-page","status-publish","hentry"],"_links":{"self":[{"href":"http:\/\/www.estetalschule.de\/wordpress\/wp-json\/wp\/v2\/pages\/3302","targetHints":{"allow":["GET"]}}],"collection":[{"href":"http:\/\/www.estetalschule.de\/wordpress\/wp-json\/wp\/v2\/pages"}],"about":[{"href":"http:\/\/www.estetalschule.de\/wordpress\/wp-json\/wp\/v2\/types\/page"}],"author":[{"embeddable":true,"href":"http:\/\/www.estetalschule.de\/wordpress\/wp-json\/wp\/v2\/users\/1"}],"replies":[{"embeddable":true,"href":"http:\/\/www.estetalschule.de\/wordpress\/wp-json\/wp\/v2\/comments?post=3302"}],"version-history":[{"count":7,"href":"http:\/\/www.estetalschule.de\/wordpress\/wp-json\/wp\/v2\/pages\/3302\/revisions"}],"predecessor-version":[{"id":4968,"href":"http:\/\/www.estetalschule.de\/wordpress\/wp-json\/wp\/v2\/pages\/3302\/revisions\/4968"}],"wp:attachment":[{"href":"http:\/\/www.estetalschule.de\/wordpress\/wp-json\/wp\/v2\/media?parent=3302"}],"curies":[{"name":"wp","href":"https:\/\/api.w.org\/{rel}","templated":true}]}}