{"id":145,"date":"2014-06-10T11:16:35","date_gmt":"2014-06-10T09:16:35","guid":{"rendered":"http:\/\/www.estetalschule.de\/wordpress\/?page_id=145"},"modified":"2025-08-01T10:20:19","modified_gmt":"2025-08-01T08:20:19","slug":"kollegium","status":"publish","type":"page","link":"http:\/\/www.estetalschule.de\/wordpress\/kollegium\/","title":{"rendered":"Kollegium im Schuljahr 2025\/2026"},"content":{"rendered":"\n<figure class=\"wp-block-table\"><table><tbody><tr><td class=\"has-text-align-center\" data-align=\"center\"><strong>Name der Lehrkraft<\/strong><\/td><td class=\"has-text-align-center\" data-align=\"center\"><strong>K\u00fcrzel<\/strong><\/td><\/tr><tr><td class=\"has-text-align-center\" data-align=\"center\"><a href=\"mailto:alexandra.basenau@estetalschule.eu\" target=\"_blank\" rel=\"noreferrer noopener\"><strong>Frau Basenau<\/strong><\/a><\/td><td class=\"has-text-align-center\" data-align=\"center\">Ba<\/td><\/tr><tr><td class=\"has-text-align-center\" data-align=\"center\"><a href=\"mailto:hauke.brinckmann@estetalschule.eu\" target=\"_blank\" rel=\"noreferrer noopener\"><strong>Herr Brinckmann<\/strong><\/a><\/td><td class=\"has-text-align-center\" data-align=\"center\">Bc<\/td><\/tr><tr><td class=\"has-text-align-center\" data-align=\"center\"><a href=\"mailto:marcus.fritsche@estetalschule.eu\" target=\"_blank\" rel=\"noreferrer noopener\"><strong>Herr Fritsche<\/strong><\/a><\/td><td class=\"has-text-align-center\" data-align=\"center\">Fr<\/td><\/tr><tr><td class=\"has-text-align-center\" data-align=\"center\"><a href=\"mailto:alexander.fuehner@estetalschule.eu\" target=\"_blank\" rel=\"noreferrer noopener\"><strong>Herr F\u00fchner<\/strong><\/a><\/td><td class=\"has-text-align-center\" data-align=\"center\">F\u00fc<\/td><\/tr><tr><td class=\"has-text-align-center\" data-align=\"center\"><a href=\"mailto:petra.heinemann@estetalschule.eu\" target=\"_blank\" rel=\"noreferrer noopener\"><strong>Frau Heinemann<\/strong><\/a><\/td><td class=\"has-text-align-center\" data-align=\"center\">He<\/td><\/tr><tr><td class=\"has-text-align-center\" data-align=\"center\"><a href=\"mailto:janna.hientzsch@estetalschule.eu\" target=\"_blank\" rel=\"noreferrer noopener\"><strong>Frau Hientzsch<\/strong><\/a><\/td><td class=\"has-text-align-center\" data-align=\"center\">Hi<\/td><\/tr><tr><td class=\"has-text-align-center\" data-align=\"center\"><a href=\"mailto:christine.hinck@estetalschule.eu\" target=\"_blank\" rel=\"noreferrer noopener\"><strong>Frau Hinck<\/strong><\/a><\/td><td class=\"has-text-align-center\" data-align=\"center\">Hn<\/td><\/tr><tr><td class=\"has-text-align-center\" data-align=\"center\"><a href=\"mailto:henry.holst@estetalschule.eu\" target=\"_blank\" rel=\"noreferrer noopener\"><strong>Herr Holst<\/strong><\/a><\/td><td class=\"has-text-align-center\" data-align=\"center\">Ht<\/td><\/tr><tr><td class=\"has-text-align-center\" data-align=\"center\"><a href=\"mailto: ulrike.kanter@estetalschule.eu\"><strong>Frau Kanter<\/strong><\/a><\/td><td class=\"has-text-align-center\" data-align=\"center\">Ka<\/td><\/tr><tr><td class=\"has-text-align-center\" data-align=\"center\"><a href=\"mailto:hans-rudolf.lueers@estetalschule.eu\" target=\"_blank\" rel=\"noreferrer noopener\"><a href=\"mailto:hans-rudolf.lueers@estetalschule.eu\" target=\"_blank\" rel=\"noreferrer noopener\"><strong>Herr L\u00fcers<\/strong><\/a><\/a><\/td><td class=\"has-text-align-center\" data-align=\"center\">Ls<\/td><\/tr><tr><td class=\"has-text-align-center\" data-align=\"center\"><a href=\"mailto: christine.lyko@estetalschule.eu\"><strong>Frau Lyko<\/strong><\/a><\/td><td class=\"has-text-align-center\" data-align=\"center\">Ly<\/td><\/tr><tr><td class=\"has-text-align-center\" data-align=\"center\"><a href=\"mailto: leonie.maass@estetalschule.eu\"><strong>Frau Maa\u00df<\/strong><\/a><\/td><td class=\"has-text-align-center\" data-align=\"center\">Ma<\/td><\/tr><tr><td class=\"has-text-align-center\" data-align=\"center\"><a href=\"mailto:eva.von.mohnsdorff@estetalschule.eu\" target=\"_blank\" rel=\"noreferrer noopener\"><strong>Frau von Mohnsdorff<\/strong><\/a><\/td><td class=\"has-text-align-center\" data-align=\"center\">Mo<\/td><\/tr><tr><td class=\"has-text-align-center\" data-align=\"center\"><a href=\"mailto:marion.mutio@estetalschule.eu\" target=\"_blank\" rel=\"noreferrer noopener\"><strong>Frau Mutio<\/strong><\/a><\/td><td class=\"has-text-align-center\" data-align=\"center\">Mu<\/td><\/tr><tr><td class=\"has-text-align-center\" data-align=\"center\"><a href=\"mailto:melissa.niemann@estetalschule.eu\" target=\"_blank\" rel=\"noreferrer noopener\"><strong>Frau Niemann<\/strong><\/a><\/td><td class=\"has-text-align-center\" data-align=\"center\">Nm<\/td><\/tr><tr><td class=\"has-text-align-center\" data-align=\"center\"><a href=\"mailto:juliane.pape@estetalschule.eu\" target=\"_blank\" rel=\"noreferrer noopener\"><strong>Frau Pape<\/strong><\/a><\/td><td class=\"has-text-align-center\" data-align=\"center\">Pa<\/td><\/tr><tr><td class=\"has-text-align-center\" data-align=\"center\"><a href=\"mailto:adda.petersen@estetalschule.eu\" target=\"_blank\" rel=\"noreferrer noopener\"><strong>Frau Petersen<\/strong><\/a><\/td><td class=\"has-text-align-center\" data-align=\"center\">Pe<\/td><\/tr><tr><td class=\"has-text-align-center\" data-align=\"center\"><a href=\"mailto:carina.roder@estetalschule.eu\" target=\"_blank\" rel=\"noreferrer noopener\"><strong>Frau Roder<\/strong><\/a><\/td><td class=\"has-text-align-center\" data-align=\"center\">Ro<\/td><\/tr><tr><td class=\"has-text-align-center\" data-align=\"center\"><a href=\"mailto:anna-lena.schmidt@estetalschule.eu\" target=\"_blank\" rel=\"noreferrer noopener\"><strong>Frau Schmidt<\/strong><\/a><\/td><td class=\"has-text-align-center\" data-align=\"center\">Sc<\/td><\/tr><tr><td class=\"has-text-align-center\" data-align=\"center\"><a href=\"mailto:jan.weller@estetalschule.eu\" target=\"_blank\" rel=\"noreferrer noopener\"><strong>Herr Weller<\/strong><\/a><\/td><td class=\"has-text-align-center\" data-align=\"center\">Wl<\/td><\/tr><tr><\/tr><\/tbody><\/table><\/figure>\n\n\n\n<p><\/p>\n","protected":false},"excerpt":{"rendered":"<p>Name der Lehrkraft K\u00fcrzel Frau Basenau Ba Herr Brinckmann Bc Herr Fritsche Fr Herr F\u00fchner F\u00fc Frau Heinemann He Frau Hientzsch Hi Frau Hinck Hn Herr Holst Ht Frau Kanter Ka Herr L\u00fcers Ls Frau Lyko Ly Frau Maa\u00df Ma &hellip; <a href=\"http:\/\/www.estetalschule.de\/wordpress\/kollegium\/\">Weiterlesen <span class=\"meta-nav\">&rarr;<\/span><\/a><\/p>\n","protected":false},"author":1,"featured_media":0,"parent":0,"menu_order":0,"comment_status":"closed","ping_status":"closed","template":"","meta":{"footnotes":""},"class_list":["post-145","page","type-page","status-publish","hentry"],"_links":{"self":[{"href":"http:\/\/www.estetalschule.de\/wordpress\/wp-json\/wp\/v2\/pages\/145","targetHints":{"allow":["GET"]}}],"collection":[{"href":"http:\/\/www.estetalschule.de\/wordpress\/wp-json\/wp\/v2\/pages"}],"about":[{"href":"http:\/\/www.estetalschule.de\/wordpress\/wp-json\/wp\/v2\/types\/page"}],"author":[{"embeddable":true,"href":"http:\/\/www.estetalschule.de\/wordpress\/wp-json\/wp\/v2\/users\/1"}],"replies":[{"embeddable":true,"href":"http:\/\/www.estetalschule.de\/wordpress\/wp-json\/wp\/v2\/comments?post=145"}],"version-history":[{"count":30,"href":"http:\/\/www.estetalschule.de\/wordpress\/wp-json\/wp\/v2\/pages\/145\/revisions"}],"predecessor-version":[{"id":5680,"href":"http:\/\/www.estetalschule.de\/wordpress\/wp-json\/wp\/v2\/pages\/145\/revisions\/5680"}],"wp:attachment":[{"href":"http:\/\/www.estetalschule.de\/wordpress\/wp-json\/wp\/v2\/media?parent=145"}],"curies":[{"name":"wp","href":"https:\/\/api.w.org\/{rel}","templated":true}]}}